{"id":3611,"date":"2024-05-21T05:12:18","date_gmt":"2024-05-21T05:12:18","guid":{"rendered":"http:\/\/tinhinan.org\/?page_id=3611"},"modified":"2026-01-12T13:12:39","modified_gmt":"2026-01-12T13:12:39","slug":"consulting-offers","status":"publish","type":"page","link":"https:\/\/tinhinan.org\/fr\/consulting-offers\/","title":{"rendered":"Our expertise"},"content":{"rendered":"<p><div class=\"fusion-fullwidth fullwidth-box fusion-builder-row-1 fusion-flex-container has-pattern-background has-mask-background nonhundred-percent-fullwidth non-hundred-percent-height-scrolling\" style=\"--awb-border-radius-top-left:0px;--awb-border-radius-top-right:0px;--awb-border-radius-bottom-right:0px;--awb-border-radius-bottom-left:0px;--awb-padding-bottom:60px;--awb-flex-wrap:wrap;\" ><div class=\"fusion-builder-row fusion-row fusion-flex-align-items-center fusion-flex-justify-content-center fusion-flex-content-wrap\" style=\"max-width:1372.8px;margin-left: calc(-4% \/ 2 );margin-right: calc(-4% \/ 2 );\"><div class=\"fusion-layout-column fusion_builder_column fusion-builder-column-0 fusion_builder_column_1_3 1_3 fusion-flex-column\" style=\"--awb-bg-size:cover;--awb-width-large:33.333333333333%;--awb-margin-top-large:0px;--awb-spacing-right-large:5.76%;--awb-margin-bottom-large:20px;--awb-spacing-left-large:5.76%;--awb-width-medium:33.333333333333%;--awb-order-medium:0;--awb-spacing-right-medium:5.76%;--awb-spacing-left-medium:5.76%;--awb-width-small:66.666666666667%;--awb-order-small:0;--awb-spacing-right-small:2.88%;--awb-spacing-left-small:2.88%;\" data-scroll-devices=\"small-visibility,medium-visibility,large-visibility\"><div class=\"fusion-column-wrapper fusion-column-has-shadow fusion-flex-justify-content-flex-start fusion-content-layout-column\"><div class=\"fusion-image-element awb-imageframe-style awb-imageframe-style-below awb-imageframe-style-1\" style=\"text-align:center;--awb-caption-title-color:#c6c6c6;--awb-caption-title-font-family:var(--h6_typography-font-family);--awb-caption-title-font-weight:var(--h6_typography-font-weight);--awb-caption-title-font-style:var(--h6_typography-font-style);--awb-caption-title-size:var(--h6_typography-font-size);--awb-caption-title-transform:var(--h6_typography-text-transform);--awb-caption-title-line-height:var(--h6_typography-line-height);--awb-caption-title-letter-spacing:var(--h6_typography-letter-spacing);\"><span class=\"fusion-imageframe imageframe-none imageframe-1 hover-type-none\"><img decoding=\"async\" width=\"714\" height=\"827\" title=\"Website illustration (2)\" src=\"https:\/\/tinhinan.org\/wp-content\/uploads\/2024\/05\/Website-illustration-2-e1716874413370.png\" data-orig-src=\"http:\/\/tinhinan.org\/wp-content\/uploads\/2024\/05\/Website-illustration-2-e1716874413370.png\" alt class=\"lazyload img-responsive wp-image-8\" srcset=\"data:image\/svg+xml,%3Csvg%20xmlns%3D%27http%3A%2F%2Fwww.w3.org%2F2000%2Fsvg%27%20width%3D%27714%27%20height%3D%27827%27%20viewBox%3D%270%200%20714%20827%27%3E%3Crect%20width%3D%27714%27%20height%3D%27827%27%20fill-opacity%3D%220%22%2F%3E%3C%2Fsvg%3E\" data-srcset=\"https:\/\/tinhinan.org\/wp-content\/uploads\/2024\/05\/Website-illustration-2-e1716874413370-200x232.png 200w, https:\/\/tinhinan.org\/wp-content\/uploads\/2024\/05\/Website-illustration-2-e1716874413370-400x463.png 400w, https:\/\/tinhinan.org\/wp-content\/uploads\/2024\/05\/Website-illustration-2-e1716874413370-600x695.png 600w, https:\/\/tinhinan.org\/wp-content\/uploads\/2024\/05\/Website-illustration-2-e1716874413370.png 714w\" data-sizes=\"auto\" data-orig-sizes=\"(max-width: 850px) 100vw, 400px\" \/><\/span><div class=\"awb-imageframe-caption-container\" style=\"text-align:right;\"><div class=\"awb-imageframe-caption\"><h6 class=\"awb-imageframe-caption-title\">created by Laura Keane<\/h6><\/div><\/div><\/div><\/div><\/div><div class=\"fusion-layout-column fusion_builder_column fusion-builder-column-1 fusion_builder_column_2_3 2_3 fusion-flex-column\" style=\"--awb-bg-size:cover;--awb-width-large:66.666666666667%;--awb-margin-top-large:0px;--awb-spacing-right-large:2.88%;--awb-margin-bottom-large:20px;--awb-spacing-left-large:2.88%;--awb-width-medium:66.666666666667%;--awb-order-medium:0;--awb-spacing-right-medium:2.88%;--awb-spacing-left-medium:2.88%;--awb-width-small:100%;--awb-order-small:0;--awb-spacing-right-small:1.92%;--awb-spacing-left-small:1.92%;\"><div class=\"fusion-column-wrapper fusion-column-has-shadow fusion-flex-justify-content-flex-start fusion-content-layout-column\"><div class=\"fusion-title title fusion-title-1 fusion-sep-none fusion-title-text fusion-title-size-three\" style=\"--awb-margin-top-small:10px;--awb-margin-right-small:0px;--awb-margin-bottom-small:10px;--awb-margin-left-small:0px;\"><h3 class=\"fusion-title-heading title-heading-left\" style=\"margin:0;text-transform:none;\"><p class=\"zfr3Q CDt4Ke translation-block\" dir=\"ltr\">Notre expertise couvre les domaines suivants :<\/p><\/h3><\/div><ul style=\"--awb-iconcolor:var(--awb-color7);--awb-line-height:28.9px;--awb-icon-width:28.9px;--awb-icon-height:28.9px;--awb-icon-margin:11.9px;--awb-content-margin:40.8px;\" class=\"fusion-checklist fusion-checklist-1 fusion-checklist-default type-icons\"><li class=\"fusion-li-item\" style=\"\"><span class=\"icon-wrapper circle-no\"><i class=\"fusion-li-icon fa-long-arrow-alt-right fas\" aria-hidden=\"true\"><\/i><\/span><div class=\"fusion-li-item-content\">\n<p>Droits des peuples autochtones au niveau international (accent sur l'Afrique, les femmes et les filles autochtones, les M\u00e9canismes des Nations unies sur les droits des Peuples Autochtones, etc.)<\/p>\n<\/div><\/li><li class=\"fusion-li-item\" style=\"\"><span class=\"icon-wrapper circle-no\"><i class=\"fusion-li-icon fa-long-arrow-alt-right fas\" aria-hidden=\"true\"><\/i><\/span><div class=\"fusion-li-item-content\">\n<p>Recherches holistiques<\/p>\n<\/div><\/li><li class=\"fusion-li-item\" style=\"\"><span class=\"icon-wrapper circle-no\"><i class=\"fusion-li-icon fa-long-arrow-alt-right fas\" aria-hidden=\"true\"><\/i><\/span><div class=\"fusion-li-item-content\">\n<p>Engagement, consultation et partenariats avec les peuples autochtones<\/p>\n<\/div><\/li><\/ul><\/div><\/div><\/div><\/div><div class=\"fusion-fullwidth fullwidth-box fusion-builder-row-2 fusion-flex-container has-pattern-background has-mask-background nonhundred-percent-fullwidth non-hundred-percent-height-scrolling\" style=\"--awb-border-radius-top-left:0px;--awb-border-radius-top-right:0px;--awb-border-radius-bottom-right:0px;--awb-border-radius-bottom-left:0px;--awb-padding-top:20px;--awb-padding-bottom:20px;--awb-background-color:var(--awb-color7);--awb-flex-wrap:wrap;\" ><div class=\"fusion-builder-row fusion-row fusion-flex-align-items-center fusion-flex-justify-content-center fusion-flex-content-wrap\" style=\"max-width:1372.8px;margin-left: calc(-4% \/ 2 );margin-right: calc(-4% \/ 2 );\"><div class=\"fusion-layout-column fusion_builder_column fusion-builder-column-2 fusion_builder_column_4_5 4_5 fusion-flex-column\" style=\"--awb-bg-size:cover;--awb-width-large:80%;--awb-margin-top-large:0px;--awb-spacing-right-large:2.4%;--awb-margin-bottom-large:20px;--awb-spacing-left-large:2.4%;--awb-width-medium:80%;--awb-order-medium:0;--awb-spacing-right-medium:2.4%;--awb-spacing-left-medium:2.4%;--awb-width-small:100%;--awb-order-small:0;--awb-spacing-right-small:1.92%;--awb-spacing-left-small:1.92%;\"><div class=\"fusion-column-wrapper fusion-column-has-shadow fusion-flex-justify-content-flex-start fusion-content-layout-column\"><div class=\"fusion-title title fusion-title-2 fusion-sep-none fusion-title-text fusion-title-size-three\" style=\"--awb-text-color:var(--awb-color1);--awb-margin-top-small:10px;--awb-margin-right-small:0px;--awb-margin-bottom-small:10px;--awb-margin-left-small:0px;\"><h3 class=\"fusion-title-heading title-heading-left\" style=\"margin:0;text-transform:none;\"><p class=\"zfr3Q CDt4Ke\" dir=\"ltr\"><span class=\"C9DxTc\">Les activit\u00e9s inclues de fa\u00e7on non exhaustive :\u00a0<\/span><\/p><\/h3><\/div><ul style=\"--awb-textcolor:var(--awb-color1);--awb-line-height:28.9px;--awb-icon-width:28.9px;--awb-icon-height:28.9px;--awb-icon-margin:11.9px;--awb-content-margin:40.8px;\" class=\"fusion-checklist fusion-checklist-2 fusion-checklist-default type-icons\"><li class=\"fusion-li-item\" style=\"\"><span class=\"icon-wrapper circle-no\"><i class=\"fusion-li-icon fa-long-arrow-alt-right fas\" aria-hidden=\"true\"><\/i><\/span><div class=\"fusion-li-item-content\">\n<p>Soutien \u00e0 la r\u00e9daction d\u2019articles, d\u2019\u00e9tudes, de rapports bas\u00e9es sur une approche droits humains et les perspectives autochtones<\/p>\n<\/div><\/li><li class=\"fusion-li-item\" style=\"\"><span class=\"icon-wrapper circle-no\"><i class=\"fusion-li-icon fa-long-arrow-alt-right fas\" aria-hidden=\"true\"><\/i><\/span><div class=\"fusion-li-item-content\">\n<p>Formation et d\u00e9veloppement de capacit\u00e9<\/p>\n<\/div><\/li><li class=\"fusion-li-item\" style=\"\"><span class=\"icon-wrapper circle-no\"><i class=\"fusion-li-icon fa-long-arrow-alt-right fas\" aria-hidden=\"true\"><\/i><\/span><div class=\"fusion-li-item-content\">\n<p>Recherches holistiques dirig\u00e9s par les autochtones (langues des peuples autochtones, femmes, sant\u00e9, d\u00e9veloppement durable, etc.)<\/p>\n<\/div><\/li><li class=\"fusion-li-item\" style=\"\"><span class=\"icon-wrapper circle-no\"><i class=\"fusion-li-icon fa-long-arrow-alt-right fas\" aria-hidden=\"true\"><\/i><\/span><div class=\"fusion-li-item-content\">\n<p>Organization Support for United Nations Events<\/p>\n<\/div><\/li><\/ul><\/div><\/div><div class=\"fusion-layout-column fusion_builder_column fusion-builder-column-3 fusion_builder_column_1_5 1_5 fusion-flex-column\" style=\"--awb-bg-size:cover;--awb-width-large:20%;--awb-margin-top-large:0px;--awb-spacing-right-large:9.6%;--awb-margin-bottom-large:20px;--awb-spacing-left-large:9.6%;--awb-width-medium:20%;--awb-order-medium:0;--awb-spacing-right-medium:9.6%;--awb-spacing-left-medium:9.6%;--awb-width-small:50%;--awb-order-small:0;--awb-spacing-right-small:3.84%;--awb-spacing-left-small:3.84%;\" data-scroll-devices=\"small-visibility,medium-visibility,large-visibility\"><div class=\"fusion-column-wrapper fusion-column-has-shadow fusion-flex-justify-content-flex-start fusion-content-layout-column\"><div class=\"fusion-image-element awb-imageframe-style awb-imageframe-style-below awb-imageframe-style-2\" style=\"text-align:center;--awb-caption-title-color:rgba(142,142,142,0.56);--awb-caption-title-font-family:var(--h6_typography-font-family);--awb-caption-title-font-weight:var(--h6_typography-font-weight);--awb-caption-title-font-style:var(--h6_typography-font-style);--awb-caption-title-size:var(--h6_typography-font-size);--awb-caption-title-transform:var(--h6_typography-text-transform);--awb-caption-title-line-height:var(--h6_typography-line-height);--awb-caption-title-letter-spacing:var(--h6_typography-letter-spacing);\"><span class=\"fusion-imageframe imageframe-none imageframe-2 hover-type-none\"><img decoding=\"async\" width=\"639\" height=\"1223\" title=\"Website illustration (4)\" src=\"https:\/\/tinhinan.org\/wp-content\/uploads\/2024\/05\/Website-illustration-4-e1716780496805.png\" data-orig-src=\"http:\/\/tinhinan.org\/wp-content\/uploads\/2024\/05\/Website-illustration-4-e1716780496805.png\" alt class=\"lazyload img-responsive wp-image-10\" srcset=\"data:image\/svg+xml,%3Csvg%20xmlns%3D%27http%3A%2F%2Fwww.w3.org%2F2000%2Fsvg%27%20width%3D%27639%27%20height%3D%271223%27%20viewBox%3D%270%200%20639%201223%27%3E%3Crect%20width%3D%27639%27%20height%3D%271223%27%20fill-opacity%3D%220%22%2F%3E%3C%2Fsvg%3E\" data-srcset=\"https:\/\/tinhinan.org\/wp-content\/uploads\/2024\/05\/Website-illustration-4-e1716780496805-200x383.png 200w, https:\/\/tinhinan.org\/wp-content\/uploads\/2024\/05\/Website-illustration-4-e1716780496805-400x766.png 400w, https:\/\/tinhinan.org\/wp-content\/uploads\/2024\/05\/Website-illustration-4-e1716780496805-600x1148.png 600w, https:\/\/tinhinan.org\/wp-content\/uploads\/2024\/05\/Website-illustration-4-e1716780496805.png 639w\" data-sizes=\"auto\" data-orig-sizes=\"(max-width: 850px) 100vw, 400px\" \/><\/span><div class=\"awb-imageframe-caption-container\" style=\"text-align:right;\"><div class=\"awb-imageframe-caption\"><h6 class=\"awb-imageframe-caption-title\">created by Laura Keane<\/h6><\/div><\/div><\/div><\/div><\/div><\/div><\/div><div class=\"fusion-fullwidth fullwidth-box fusion-builder-row-3 fusion-flex-container has-pattern-background has-mask-background nonhundred-percent-fullwidth non-hundred-percent-height-scrolling\" style=\"--awb-border-radius-top-left:0px;--awb-border-radius-top-right:0px;--awb-border-radius-bottom-right:0px;--awb-border-radius-bottom-left:0px;--awb-padding-top:60px;--awb-padding-bottom:60px;--awb-flex-wrap:wrap;\" ><div class=\"fusion-builder-row fusion-row fusion-flex-align-items-flex-start fusion-flex-justify-content-center fusion-flex-content-wrap\" style=\"max-width:1372.8px;margin-left: calc(-4% \/ 2 );margin-right: calc(-4% \/ 2 );\"><div class=\"fusion-layout-column fusion_builder_column fusion-builder-column-4 fusion_builder_column_2_5 2_5 fusion-flex-column fusion-flex-align-self-center\" style=\"--awb-bg-size:cover;--awb-width-large:40%;--awb-margin-top-large:0px;--awb-spacing-right-large:4.8%;--awb-margin-bottom-large:20px;--awb-spacing-left-large:4.8%;--awb-width-medium:40%;--awb-order-medium:0;--awb-spacing-right-medium:4.8%;--awb-spacing-left-medium:4.8%;--awb-width-small:80%;--awb-order-small:0;--awb-spacing-right-small:2.4%;--awb-spacing-left-small:2.4%;\" data-scroll-devices=\"small-visibility,medium-visibility,large-visibility\"><div class=\"fusion-column-wrapper fusion-column-has-shadow fusion-flex-justify-content-flex-start fusion-content-layout-column\"><div class=\"fusion-image-element\" style=\"text-align:center;--awb-aspect-ratio: 100 \/ 90;--awb-caption-title-font-family:var(--h2_typography-font-family);--awb-caption-title-font-weight:var(--h2_typography-font-weight);--awb-caption-title-font-style:var(--h2_typography-font-style);--awb-caption-title-size:var(--h2_typography-font-size);--awb-caption-title-transform:var(--h2_typography-text-transform);--awb-caption-title-line-height:var(--h2_typography-line-height);--awb-caption-title-letter-spacing:var(--h2_typography-letter-spacing);\"><span class=\"fusion-imageframe imageframe-none imageframe-3 hover-type-none has-aspect-ratio\" style=\"border-radius:0px 0px 50px 0px;\"><img decoding=\"async\" width=\"2560\" height=\"1920\" title=\"IMG_1536\" src=\"https:\/\/tinhinan.org\/wp-content\/uploads\/2024\/05\/IMG_1536-scaled.jpeg\" data-orig-src=\"http:\/\/tinhinan.org\/wp-content\/uploads\/2024\/05\/IMG_1536-scaled.jpeg\" class=\"lazyload img-responsive wp-image-3828 img-with-aspect-ratio\" data-parent-fit=\"cover\" data-parent-container=\".fusion-image-element\" alt srcset=\"data:image\/svg+xml,%3Csvg%20xmlns%3D%27http%3A%2F%2Fwww.w3.org%2F2000%2Fsvg%27%20width%3D%272560%27%20height%3D%271920%27%20viewBox%3D%270%200%202560%201920%27%3E%3Crect%20width%3D%272560%27%20height%3D%271920%27%20fill-opacity%3D%220%22%2F%3E%3C%2Fsvg%3E\" data-srcset=\"https:\/\/tinhinan.org\/wp-content\/uploads\/2024\/05\/IMG_1536-200x150.jpeg 200w, https:\/\/tinhinan.org\/wp-content\/uploads\/2024\/05\/IMG_1536-400x300.jpeg 400w, https:\/\/tinhinan.org\/wp-content\/uploads\/2024\/05\/IMG_1536-600x450.jpeg 600w, https:\/\/tinhinan.org\/wp-content\/uploads\/2024\/05\/IMG_1536-800x600.jpeg 800w, https:\/\/tinhinan.org\/wp-content\/uploads\/2024\/05\/IMG_1536-1200x900.jpeg 1200w, https:\/\/tinhinan.org\/wp-content\/uploads\/2024\/05\/IMG_1536-scaled.jpeg 2560w\" data-sizes=\"auto\" data-orig-sizes=\"(max-width: 850px) 100vw, 600px\" \/><\/span><\/div><\/div><\/div><div class=\"fusion-layout-column fusion_builder_column fusion-builder-column-5 fusion_builder_column_3_5 3_5 fusion-flex-column\" style=\"--awb-bg-size:cover;--awb-width-large:60%;--awb-margin-top-large:0px;--awb-spacing-right-large:3.2%;--awb-margin-bottom-large:20px;--awb-spacing-left-large:3.2%;--awb-width-medium:60%;--awb-order-medium:0;--awb-spacing-right-medium:3.2%;--awb-spacing-left-medium:3.2%;--awb-width-small:100%;--awb-order-small:0;--awb-spacing-right-small:1.92%;--awb-spacing-left-small:1.92%;\"><div class=\"fusion-column-wrapper fusion-column-has-shadow fusion-flex-justify-content-flex-start fusion-content-layout-column\"><div class=\"fusion-title title fusion-title-3 fusion-sep-none fusion-title-text fusion-title-size-three\" style=\"--awb-margin-top-small:10px;--awb-margin-right-small:0px;--awb-margin-bottom-small:10px;--awb-margin-left-small:0px;\"><h3 class=\"fusion-title-heading title-heading-left\" style=\"margin:0;text-transform:none;\"><p class=\"zfr3Q CDt4Ke\" dir=\"ltr\"><span class=\"C9DxTc\">Pourquoi confier votre travail \u00e0 Association Tinhinan?<\/span><\/p><\/h3><\/div><div class=\"fusion-text fusion-text-1\"><p class=\"zfr3Q CDt4Ke\" dir=\"ltr\">Notre \u00e9quipe poss\u00e8de une connaissance approfondie des questions autochtones aux niveaux international (longue exp\u00e9rience aux Nations Unies) ; r\u00e9gional (travail et r\u00e9seau \u00e9largie de diff\u00e9rentes nations, communaut\u00e9s,  gouvernements et organisations autochtones) ; et local.<\/p>\n<p class=\"zfr3Q CDt4Ke\" dir=\"ltr\"><span class=\"C9DxTc\">Nous comptons aussi dans notre \u00e9quipe des expertes professionnelles dans des domaines vari\u00e9s, ayant collabor\u00e9 avec de diff\u00e9rents acteurs, tels que des repr\u00e9sentants autochtones, des gouvernements, des agences, fonds et programmes des Nations unies, des ONG et des universitaires.<\/span><\/p>\n<\/div><\/div><\/div><\/div><\/div><\/p>","protected":false},"excerpt":{"rendered":"","protected":false},"author":1,"featured_media":0,"parent":0,"menu_order":0,"comment_status":"closed","ping_status":"closed","template":"100-width.php","meta":{"footnotes":""},"class_list":["post-3611","page","type-page","status-publish","hentry"],"yoast_head":"<!-- This site is optimized with the Yoast SEO plugin v27.4 - https:\/\/yoast.com\/product\/yoast-seo-wordpress\/ -->\n<title>Our expertise - Association Tinhinan<\/title>\n<meta name=\"description\" content=\"%\" \/>\n<meta name=\"robots\" content=\"index, follow, max-snippet:-1, max-image-preview:large, max-video-preview:-1\" \/>\n<link rel=\"canonical\" href=\"http:\/\/tinhinan.org\/fr\/consulting-offers\/\" \/>\n<meta property=\"og:locale\" content=\"fr_FR\" \/>\n<meta property=\"og:type\" content=\"article\" \/>\n<meta property=\"og:title\" content=\"Our expertise - Association Tinhinan\" \/>\n<meta property=\"og:description\" content=\"%\" \/>\n<meta property=\"og:url\" content=\"http:\/\/tinhinan.org\/fr\/consulting-offers\/\" \/>\n<meta property=\"og:site_name\" content=\"Association Tinhinan\" \/>\n<meta property=\"article:publisher\" content=\"https:\/\/www.facebook.com\/TINHINAN.CA?mibextid=LQQJ4d\" \/>\n<meta property=\"article:modified_time\" content=\"2026-01-12T13:12:39+00:00\" \/>\n<meta property=\"og:image\" content=\"https:\/\/tinhinan.org\/wp-content\/uploads\/2024\/05\/Website-illustration-1-1024x381.png\" \/>\n\t<meta property=\"og:image:width\" content=\"1024\" \/>\n\t<meta property=\"og:image:height\" content=\"381\" \/>\n\t<meta property=\"og:image:type\" content=\"image\/png\" \/>\n<meta name=\"twitter:card\" content=\"summary_large_image\" \/>\n<meta name=\"twitter:site\" content=\"@TinhinanCa\" \/>\n<meta name=\"twitter:label1\" content=\"Dur\u00e9e de lecture estim\u00e9e\" \/>\n\t<meta name=\"twitter:data1\" content=\"2 minutes\" \/>\n<script type=\"application\/ld+json\" class=\"yoast-schema-graph\">{\"@context\":\"https:\\\/\\\/schema.org\",\"@graph\":[{\"@type\":\"WebPage\",\"@id\":\"http:\\\/\\\/tinhinan.org\\\/en_us\\\/consulting-offers\\\/\",\"url\":\"http:\\\/\\\/tinhinan.org\\\/en_us\\\/consulting-offers\\\/\",\"name\":\"Our expertise - Association Tinhinan\",\"isPartOf\":{\"@id\":\"https:\\\/\\\/tinhinan.org\\\/en_us\\\/#website\"},\"datePublished\":\"2024-05-21T05:12:18+00:00\",\"dateModified\":\"2026-01-12T13:12:39+00:00\",\"description\":\"%\",\"breadcrumb\":{\"@id\":\"http:\\\/\\\/tinhinan.org\\\/en_us\\\/consulting-offers\\\/#breadcrumb\"},\"inLanguage\":\"fr-FR\",\"potentialAction\":[{\"@type\":\"ReadAction\",\"target\":[\"http:\\\/\\\/tinhinan.org\\\/en_us\\\/consulting-offers\\\/\"]}]},{\"@type\":\"BreadcrumbList\",\"@id\":\"http:\\\/\\\/tinhinan.org\\\/en_us\\\/consulting-offers\\\/#breadcrumb\",\"itemListElement\":[{\"@type\":\"ListItem\",\"position\":1,\"name\":\"Home\",\"item\":\"http:\\\/\\\/tinhinan.org\\\/en_us\\\/\"},{\"@type\":\"ListItem\",\"position\":2,\"name\":\"Our expertise\"}]},{\"@type\":\"WebSite\",\"@id\":\"https:\\\/\\\/tinhinan.org\\\/en_us\\\/#website\",\"url\":\"https:\\\/\\\/tinhinan.org\\\/en_us\\\/\",\"name\":\"Association Tinhinan\",\"description\":\"Canada\",\"publisher\":{\"@id\":\"https:\\\/\\\/tinhinan.org\\\/en_us\\\/#organization\"},\"alternateName\":\"L'Association Tinhinan Canada\",\"potentialAction\":[{\"@type\":\"SearchAction\",\"target\":{\"@type\":\"EntryPoint\",\"urlTemplate\":\"https:\\\/\\\/tinhinan.org\\\/en_us\\\/?s={search_term_string}\"},\"query-input\":{\"@type\":\"PropertyValueSpecification\",\"valueRequired\":true,\"valueName\":\"search_term_string\"}}],\"inLanguage\":\"fr-FR\"},{\"@type\":\"Organization\",\"@id\":\"https:\\\/\\\/tinhinan.org\\\/en_us\\\/#organization\",\"name\":\"Association Tinhinan\",\"alternateName\":\"L'Association Tinhinan Canada\",\"url\":\"https:\\\/\\\/tinhinan.org\\\/en_us\\\/\",\"logo\":{\"@type\":\"ImageObject\",\"inLanguage\":\"fr-FR\",\"@id\":\"https:\\\/\\\/tinhinan.org\\\/en_us\\\/#\\\/schema\\\/logo\\\/image\\\/\",\"url\":\"http:\\\/\\\/tinhinan.org\\\/wp-content\\\/uploads\\\/2024\\\/05\\\/cropped-Tinhinan-Logo-Transparent-1.png\",\"contentUrl\":\"http:\\\/\\\/tinhinan.org\\\/wp-content\\\/uploads\\\/2024\\\/05\\\/cropped-Tinhinan-Logo-Transparent-1.png\",\"width\":512,\"height\":512,\"caption\":\"Association Tinhinan\"},\"image\":{\"@id\":\"https:\\\/\\\/tinhinan.org\\\/en_us\\\/#\\\/schema\\\/logo\\\/image\\\/\"},\"sameAs\":[\"https:\\\/\\\/www.facebook.com\\\/TINHINAN.CA?mibextid=LQQJ4d\",\"https:\\\/\\\/x.com\\\/TinhinanCa\"]}]}<\/script>\n<!-- \/ Yoast SEO plugin. -->","yoast_head_json":{"title":"Our expertise - Association Tinhinan","description":"%","robots":{"index":"index","follow":"follow","max-snippet":"max-snippet:-1","max-image-preview":"max-image-preview:large","max-video-preview":"max-video-preview:-1"},"canonical":"http:\/\/tinhinan.org\/fr\/consulting-offers\/","og_locale":"fr_FR","og_type":"article","og_title":"Our expertise - Association Tinhinan","og_description":"%","og_url":"http:\/\/tinhinan.org\/fr\/consulting-offers\/","og_site_name":"Association Tinhinan","article_publisher":"https:\/\/www.facebook.com\/TINHINAN.CA?mibextid=LQQJ4d","article_modified_time":"2026-01-12T13:12:39+00:00","og_image":[{"width":1024,"height":381,"url":"https:\/\/tinhinan.org\/wp-content\/uploads\/2024\/05\/Website-illustration-1-1024x381.png","type":"image\/png"}],"twitter_card":"summary_large_image","twitter_site":"@TinhinanCa","twitter_misc":{"Dur\u00e9e de lecture estim\u00e9e":"2 minutes"},"schema":{"@context":"https:\/\/schema.org","@graph":[{"@type":"WebPage","@id":"http:\/\/tinhinan.org\/en_us\/consulting-offers\/","url":"http:\/\/tinhinan.org\/en_us\/consulting-offers\/","name":"Our expertise - Association Tinhinan","isPartOf":{"@id":"https:\/\/tinhinan.org\/en_us\/#website"},"datePublished":"2024-05-21T05:12:18+00:00","dateModified":"2026-01-12T13:12:39+00:00","description":"%","breadcrumb":{"@id":"http:\/\/tinhinan.org\/en_us\/consulting-offers\/#breadcrumb"},"inLanguage":"fr-FR","potentialAction":[{"@type":"ReadAction","target":["http:\/\/tinhinan.org\/en_us\/consulting-offers\/"]}]},{"@type":"BreadcrumbList","@id":"http:\/\/tinhinan.org\/en_us\/consulting-offers\/#breadcrumb","itemListElement":[{"@type":"ListItem","position":1,"name":"Home","item":"http:\/\/tinhinan.org\/en_us\/"},{"@type":"ListItem","position":2,"name":"Our expertise"}]},{"@type":"WebSite","@id":"https:\/\/tinhinan.org\/en_us\/#website","url":"https:\/\/tinhinan.org\/en_us\/","name":"Association Tinhinan","description":"Canada","publisher":{"@id":"https:\/\/tinhinan.org\/en_us\/#organization"},"alternateName":"L'Association Tinhinan Canada","potentialAction":[{"@type":"SearchAction","target":{"@type":"EntryPoint","urlTemplate":"https:\/\/tinhinan.org\/en_us\/?s={search_term_string}"},"query-input":{"@type":"PropertyValueSpecification","valueRequired":true,"valueName":"search_term_string"}}],"inLanguage":"fr-FR"},{"@type":"Organization","@id":"https:\/\/tinhinan.org\/en_us\/#organization","name":"Association Tinhinan","alternateName":"L'Association Tinhinan Canada","url":"https:\/\/tinhinan.org\/en_us\/","logo":{"@type":"ImageObject","inLanguage":"fr-FR","@id":"https:\/\/tinhinan.org\/en_us\/#\/schema\/logo\/image\/","url":"http:\/\/tinhinan.org\/wp-content\/uploads\/2024\/05\/cropped-Tinhinan-Logo-Transparent-1.png","contentUrl":"http:\/\/tinhinan.org\/wp-content\/uploads\/2024\/05\/cropped-Tinhinan-Logo-Transparent-1.png","width":512,"height":512,"caption":"Association Tinhinan"},"image":{"@id":"https:\/\/tinhinan.org\/en_us\/#\/schema\/logo\/image\/"},"sameAs":["https:\/\/www.facebook.com\/TINHINAN.CA?mibextid=LQQJ4d","https:\/\/x.com\/TinhinanCa"]}]}},"jetpack_sharing_enabled":true,"_links":{"self":[{"href":"https:\/\/tinhinan.org\/fr\/wp-json\/wp\/v2\/pages\/3611","targetHints":{"allow":["GET"]}}],"collection":[{"href":"https:\/\/tinhinan.org\/fr\/wp-json\/wp\/v2\/pages"}],"about":[{"href":"https:\/\/tinhinan.org\/fr\/wp-json\/wp\/v2\/types\/page"}],"author":[{"embeddable":true,"href":"https:\/\/tinhinan.org\/fr\/wp-json\/wp\/v2\/users\/1"}],"replies":[{"embeddable":true,"href":"https:\/\/tinhinan.org\/fr\/wp-json\/wp\/v2\/comments?post=3611"}],"version-history":[{"count":46,"href":"https:\/\/tinhinan.org\/fr\/wp-json\/wp\/v2\/pages\/3611\/revisions"}],"predecessor-version":[{"id":4320,"href":"https:\/\/tinhinan.org\/fr\/wp-json\/wp\/v2\/pages\/3611\/revisions\/4320"}],"wp:attachment":[{"href":"https:\/\/tinhinan.org\/fr\/wp-json\/wp\/v2\/media?parent=3611"}],"curies":[{"name":"wp","href":"https:\/\/api.w.org\/{rel}","templated":true}]}}